{"id":2070,"date":"2021-12-13T13:26:49","date_gmt":"2021-12-13T13:26:49","guid":{"rendered":"https:\/\/rovynapp.com\/colegioeccleston.rovynapp.com\/?page_id=2070"},"modified":"2021-12-28T20:09:40","modified_gmt":"2021-12-28T20:09:40","slug":"nivel-secundario","status":"publish","type":"page","link":"https:\/\/rovynapp.com\/colegioeccleston.rovynapp.com\/nivel-secundario\/","title":{"rendered":"Nivel Secundario"},"content":{"rendered":"\t\t<div data-elementor-type=\"wp-page\" data-elementor-id=\"2070\" class=\"elementor elementor-2070\">\n\t\t\t\t\t\t\t\t\t<section class=\"elementor-section elementor-top-section elementor-element elementor-element-cf3b379 elementor-section-boxed elementor-section-height-default elementor-section-height-default\" data-id=\"cf3b379\" data-element_type=\"section\">\n\t\t\t\t\t\t\t<div class=\"elementor-background-overlay\"><\/div>\n\t\t\t\t\t\t\t<div class=\"elementor-container elementor-column-gap-default\">\n\t\t\t\t\t<div class=\"elementor-column elementor-col-100 elementor-top-column elementor-element elementor-element-68115e5\" data-id=\"68115e5\" data-element_type=\"column\">\n\t\t\t<div class=\"elementor-widget-wrap elementor-element-populated\">\n\t\t\t\t\t\t\t\t<div class=\"elementor-element elementor-element-d8738ef elementor-widget elementor-widget-heading\" data-id=\"d8738ef\" data-element_type=\"widget\" data-widget_type=\"heading.default\">\n\t\t\t\t<div class=\"elementor-widget-container\">\n\t\t\t<style>\/*! elementor - v3.6.5 - 27-04-2022 *\/\n.elementor-heading-title{padding:0;margin:0;line-height:1}.elementor-widget-heading .elementor-heading-title[class*=elementor-size-]>a{color:inherit;font-size:inherit;line-height:inherit}.elementor-widget-heading .elementor-heading-title.elementor-size-small{font-size:15px}.elementor-widget-heading .elementor-heading-title.elementor-size-medium{font-size:19px}.elementor-widget-heading .elementor-heading-title.elementor-size-large{font-size:29px}.elementor-widget-heading .elementor-heading-title.elementor-size-xl{font-size:39px}.elementor-widget-heading .elementor-heading-title.elementor-size-xxl{font-size:59px}<\/style><h4 class=\"elementor-heading-title elementor-size-default\">NIVEL SECUNDARIO<\/h4>\t\t<\/div>\n\t\t\t\t<\/div>\n\t\t\t\t\t<\/div>\n\t\t<\/div>\n\t\t\t\t\t\t\t<\/div>\n\t\t<\/section>\n\t\t\t\t<section class=\"elementor-section elementor-top-section elementor-element elementor-element-4e52668 elementor-section-content-middle elementor-reverse-mobile elementor-section-boxed elementor-section-height-default elementor-section-height-default\" data-id=\"4e52668\" data-element_type=\"section\">\n\t\t\t\t\t\t\t<div class=\"elementor-background-overlay\"><\/div>\n\t\t\t\t\t\t\t<div class=\"elementor-container elementor-column-gap-no\">\n\t\t\t\t\t<div class=\"elementor-column elementor-col-50 elementor-top-column elementor-element elementor-element-bce9b8a\" data-id=\"bce9b8a\" data-element_type=\"column\">\n\t\t\t<div class=\"elementor-widget-wrap elementor-element-populated\">\n\t\t\t\t\t\t\t\t<div class=\"elementor-element elementor-element-bd31354 elementor-widget elementor-widget-text-editor\" data-id=\"bd31354\" data-element_type=\"widget\" data-widget_type=\"text-editor.default\">\n\t\t\t\t<div class=\"elementor-widget-container\">\n\t\t\t<style>\/*! elementor - v3.6.5 - 27-04-2022 *\/\n.elementor-widget-text-editor.elementor-drop-cap-view-stacked .elementor-drop-cap{background-color:#818a91;color:#fff}.elementor-widget-text-editor.elementor-drop-cap-view-framed .elementor-drop-cap{color:#818a91;border:3px solid;background-color:transparent}.elementor-widget-text-editor:not(.elementor-drop-cap-view-default) .elementor-drop-cap{margin-top:8px}.elementor-widget-text-editor:not(.elementor-drop-cap-view-default) .elementor-drop-cap-letter{width:1em;height:1em}.elementor-widget-text-editor .elementor-drop-cap{float:left;text-align:center;line-height:1;font-size:50px}.elementor-widget-text-editor .elementor-drop-cap-letter{display:inline-block}<\/style>\t\t\t\t<p>En la instituci\u00f3n somos conscientes de la importancia en la escolarizaci\u00f3n de los ni\u00f1os y cada una de sus etapas. Sabemos el arduo trabajo familiar que conlleva acompa\u00f1ar a un ni\u00f1o desde la Sala Maternal hasta su egreso de la Escuela Secundaria.<br><br>El nivel secundario lo consideramos el \u00faltimo esfuerzo de un largo trabajo de a\u00f1os, y es nuestra gran responsabilidad el perfil de cada uno de nuestros egresados.<br><br>Buscamos formar egresados que puedan enfrentarse a la vida con una s\u00f3lida formaci\u00f3n acad\u00e9mica y t\u00e9cnica con una fuerte valoraci\u00f3n de la responsabilidad, y libertad respetuosa;&nbsp; la importancia del trabajo colaborativo y el reconocimiento del otro en la construcci\u00f3n colectiva. Fomentando el desarrollo creativo gracias a una propuesta educativa integral y de constante actualizaci\u00f3n.<\/p>\t\t\t\t\t\t<\/div>\n\t\t\t\t<\/div>\n\t\t\t\t\t<\/div>\n\t\t<\/div>\n\t\t\t\t<div class=\"elementor-column elementor-col-50 elementor-top-column elementor-element elementor-element-96c5214\" data-id=\"96c5214\" data-element_type=\"column\">\n\t\t\t<div class=\"elementor-widget-wrap elementor-element-populated\">\n\t\t\t\t\t\t\t\t<div class=\"elementor-element elementor-element-38ca87e elementor-widget elementor-widget-image\" data-id=\"38ca87e\" data-element_type=\"widget\" data-widget_type=\"image.default\">\n\t\t\t\t<div class=\"elementor-widget-container\">\n\t\t\t<style>\/*! elementor - v3.6.5 - 27-04-2022 *\/\n.elementor-widget-image{text-align:center}.elementor-widget-image a{display:inline-block}.elementor-widget-image a img[src$=\".svg\"]{width:48px}.elementor-widget-image img{vertical-align:middle;display:inline-block}<\/style>\t\t\t\t\t\t\t\t\t\t\t\t<img loading=\"lazy\" decoding=\"async\" width=\"854\" height=\"617\" src=\"https:\/\/rovynapp.com\/colegioeccleston.rovynapp.com\/wp-content\/uploads\/2021\/12\/DISCIPLINA-1.jpg\" class=\"attachment-full size-full\" alt=\"\" srcset=\"https:\/\/rovynapp.com\/colegioeccleston.rovynapp.com\/wp-content\/uploads\/2021\/12\/DISCIPLINA-1.jpg 854w, https:\/\/rovynapp.com\/colegioeccleston.rovynapp.com\/wp-content\/uploads\/2021\/12\/DISCIPLINA-1-300x217.jpg 300w, https:\/\/rovynapp.com\/colegioeccleston.rovynapp.com\/wp-content\/uploads\/2021\/12\/DISCIPLINA-1-768x555.jpg 768w\" sizes=\"auto, (max-width: 854px) 100vw, 854px\" \/>\t\t\t\t\t\t\t\t\t\t\t\t\t\t\t<\/div>\n\t\t\t\t<\/div>\n\t\t\t\t\t<\/div>\n\t\t<\/div>\n\t\t\t\t\t\t\t<\/div>\n\t\t<\/section>\n\t\t\t\t<section class=\"elementor-section elementor-top-section elementor-element elementor-element-eab31cf elementor-section-content-middle elementor-reverse-mobile elementor-section-boxed elementor-section-height-default elementor-section-height-default\" data-id=\"eab31cf\" data-element_type=\"section\">\n\t\t\t\t\t\t\t<div class=\"elementor-background-overlay\"><\/div>\n\t\t\t\t\t\t\t<div class=\"elementor-container elementor-column-gap-no\">\n\t\t\t\t\t<div class=\"elementor-column elementor-col-100 elementor-top-column elementor-element elementor-element-16c732a\" data-id=\"16c732a\" data-element_type=\"column\">\n\t\t\t<div class=\"elementor-widget-wrap elementor-element-populated\">\n\t\t\t\t\t\t\t\t<section class=\"elementor-section elementor-inner-section elementor-element elementor-element-a2c772b elementor-section-boxed elementor-section-height-default elementor-section-height-default\" data-id=\"a2c772b\" data-element_type=\"section\">\n\t\t\t\t\t\t<div class=\"elementor-container elementor-column-gap-wider\">\n\t\t\t\t\t<div class=\"elementor-column elementor-col-50 elementor-inner-column elementor-element elementor-element-d1f5c8c\" data-id=\"d1f5c8c\" data-element_type=\"column\">\n\t\t\t<div class=\"elementor-widget-wrap elementor-element-populated\">\n\t\t\t\t\t\t\t\t<div class=\"elementor-element elementor-element-b4e93eb elementor-widget elementor-widget-image\" data-id=\"b4e93eb\" data-element_type=\"widget\" data-widget_type=\"image.default\">\n\t\t\t\t<div class=\"elementor-widget-container\">\n\t\t\t\t\t\t\t\t\t\t\t\t\t\t\t<img loading=\"lazy\" decoding=\"async\" width=\"463\" height=\"527\" src=\"https:\/\/rovynapp.com\/colegioeccleston.rovynapp.com\/wp-content\/uploads\/2021\/12\/Group-84.png\" class=\"attachment-large size-large\" alt=\"\" srcset=\"https:\/\/rovynapp.com\/colegioeccleston.rovynapp.com\/wp-content\/uploads\/2021\/12\/Group-84.png 463w, https:\/\/rovynapp.com\/colegioeccleston.rovynapp.com\/wp-content\/uploads\/2021\/12\/Group-84-264x300.png 264w\" sizes=\"auto, (max-width: 463px) 100vw, 463px\" \/>\t\t\t\t\t\t\t\t\t\t\t\t\t\t\t<\/div>\n\t\t\t\t<\/div>\n\t\t\t\t\t<\/div>\n\t\t<\/div>\n\t\t\t\t<div class=\"elementor-column elementor-col-50 elementor-inner-column elementor-element elementor-element-e968f40\" data-id=\"e968f40\" data-element_type=\"column\">\n\t\t\t<div class=\"elementor-widget-wrap elementor-element-populated\">\n\t\t\t\t\t\t\t\t<div class=\"elementor-element elementor-element-47e249e elementor-widget elementor-widget-image\" data-id=\"47e249e\" data-element_type=\"widget\" data-widget_type=\"image.default\">\n\t\t\t\t<div class=\"elementor-widget-container\">\n\t\t\t\t\t\t\t\t\t\t\t\t\t\t\t<img loading=\"lazy\" decoding=\"async\" width=\"463\" height=\"528\" src=\"https:\/\/rovynapp.com\/colegioeccleston.rovynapp.com\/wp-content\/uploads\/2021\/12\/Group-83-1.png\" class=\"attachment-large size-large\" alt=\"\" srcset=\"https:\/\/rovynapp.com\/colegioeccleston.rovynapp.com\/wp-content\/uploads\/2021\/12\/Group-83-1.png 463w, https:\/\/rovynapp.com\/colegioeccleston.rovynapp.com\/wp-content\/uploads\/2021\/12\/Group-83-1-263x300.png 263w\" sizes=\"auto, (max-width: 463px) 100vw, 463px\" \/>\t\t\t\t\t\t\t\t\t\t\t\t\t\t\t<\/div>\n\t\t\t\t<\/div>\n\t\t\t\t\t<\/div>\n\t\t<\/div>\n\t\t\t\t\t\t\t<\/div>\n\t\t<\/section>\n\t\t\t\t\t<\/div>\n\t\t<\/div>\n\t\t\t\t\t\t\t<\/div>\n\t\t<\/section>\n\t\t\t\t<section class=\"elementor-section elementor-top-section elementor-element elementor-element-909c667 elementor-section-content-middle elementor-reverse-mobile elementor-section-boxed elementor-section-height-default elementor-section-height-default\" data-id=\"909c667\" data-element_type=\"section\">\n\t\t\t\t\t\t\t<div class=\"elementor-background-overlay\"><\/div>\n\t\t\t\t\t\t\t<div class=\"elementor-container elementor-column-gap-no\">\n\t\t\t\t\t<div class=\"elementor-column elementor-col-100 elementor-top-column elementor-element elementor-element-429fae9\" data-id=\"429fae9\" data-element_type=\"column\">\n\t\t\t<div class=\"elementor-widget-wrap elementor-element-populated\">\n\t\t\t\t\t\t\t\t<div class=\"elementor-element elementor-element-b48a7cc elementor-align-center elementor-widget elementor-widget-button\" data-id=\"b48a7cc\" data-element_type=\"widget\" data-widget_type=\"button.default\">\n\t\t\t\t<div class=\"elementor-widget-container\">\n\t\t\t\t\t<div class=\"elementor-button-wrapper\">\n\t\t\t<a href=\"https:\/\/rovynapp.com\/colegioeccleston.rovynapp.com\/contacto\/\" target=\"_blank\" class=\"elementor-button-link elementor-button elementor-size-xl\" role=\"button\">\n\t\t\t\t\t\t<span class=\"elementor-button-content-wrapper\">\n\t\t\t\t\t\t<span class=\"elementor-button-text\">\u00a1PONETE EN CONTACTO CON NOSOTROS!<\/span>\n\t\t<\/span>\n\t\t\t\t\t<\/a>\n\t\t<\/div>\n\t\t\t\t<\/div>\n\t\t\t\t<\/div>\n\t\t\t\t\t<\/div>\n\t\t<\/div>\n\t\t\t\t\t\t\t<\/div>\n\t\t<\/section>\n\t\t\t\t\t\t\t<\/div>\n\t\t","protected":false},"excerpt":{"rendered":"<p>NIVEL SECUNDARIO En la instituci\u00f3n somos conscientes de la importancia en la escolarizaci\u00f3n de los ni\u00f1os y cada una de sus etapas. Sabemos el arduo trabajo familiar que conlleva acompa\u00f1ar a un ni\u00f1o desde la Sala Maternal hasta su egreso de la Escuela Secundaria. El nivel secundario lo consideramos el \u00faltimo esfuerzo de un largo &hellip;<\/p>\n<p class=\"read-more\"> <a class=\"\" href=\"https:\/\/rovynapp.com\/colegioeccleston.rovynapp.com\/nivel-secundario\/\"> <span class=\"screen-reader-text\">Nivel Secundario<\/span> Read More &raquo;<\/a><\/p>\n","protected":false},"author":1,"featured_media":0,"parent":0,"menu_order":0,"comment_status":"closed","ping_status":"closed","template":"","meta":{"site-sidebar-layout":"no-sidebar","site-content-layout":"page-builder","ast-global-header-display":"","ast-main-header-display":"","ast-hfb-above-header-display":"","ast-hfb-below-header-display":"","ast-hfb-mobile-header-display":"","site-post-title":"disabled","ast-breadcrumbs-content":"","ast-featured-img":"disabled","footer-sml-layout":"","theme-transparent-header-meta":"","adv-header-id-meta":"","stick-header-meta":"","header-above-stick-meta":"","header-main-stick-meta":"","header-below-stick-meta":"","footnotes":""},"class_list":["post-2070","page","type-page","status-publish","hentry"],"_links":{"self":[{"href":"https:\/\/rovynapp.com\/colegioeccleston.rovynapp.com\/wp-json\/wp\/v2\/pages\/2070","targetHints":{"allow":["GET"]}}],"collection":[{"href":"https:\/\/rovynapp.com\/colegioeccleston.rovynapp.com\/wp-json\/wp\/v2\/pages"}],"about":[{"href":"https:\/\/rovynapp.com\/colegioeccleston.rovynapp.com\/wp-json\/wp\/v2\/types\/page"}],"author":[{"embeddable":true,"href":"https:\/\/rovynapp.com\/colegioeccleston.rovynapp.com\/wp-json\/wp\/v2\/users\/1"}],"replies":[{"embeddable":true,"href":"https:\/\/rovynapp.com\/colegioeccleston.rovynapp.com\/wp-json\/wp\/v2\/comments?post=2070"}],"version-history":[{"count":62,"href":"https:\/\/rovynapp.com\/colegioeccleston.rovynapp.com\/wp-json\/wp\/v2\/pages\/2070\/revisions"}],"predecessor-version":[{"id":3087,"href":"https:\/\/rovynapp.com\/colegioeccleston.rovynapp.com\/wp-json\/wp\/v2\/pages\/2070\/revisions\/3087"}],"wp:attachment":[{"href":"https:\/\/rovynapp.com\/colegioeccleston.rovynapp.com\/wp-json\/wp\/v2\/media?parent=2070"}],"curies":[{"name":"wp","href":"https:\/\/api.w.org\/{rel}","templated":true}]}}