{"id":2057,"date":"2021-12-13T13:21:11","date_gmt":"2021-12-13T13:21:11","guid":{"rendered":"https:\/\/rovynapp.com\/colegioeccleston.rovynapp.com\/?page_id=2057"},"modified":"2021-12-28T20:10:17","modified_gmt":"2021-12-28T20:10:17","slug":"nivel-inicial","status":"publish","type":"page","link":"https:\/\/rovynapp.com\/colegioeccleston.rovynapp.com\/nivel-inicial\/","title":{"rendered":"Nivel Primario"},"content":{"rendered":"\t\t<div data-elementor-type=\"wp-page\" data-elementor-id=\"2057\" class=\"elementor elementor-2057\">\n\t\t\t\t\t\t\t\t\t<section class=\"elementor-section elementor-top-section elementor-element elementor-element-f4eef3c elementor-section-boxed elementor-section-height-default elementor-section-height-default\" data-id=\"f4eef3c\" data-element_type=\"section\">\n\t\t\t\t\t\t\t<div class=\"elementor-background-overlay\"><\/div>\n\t\t\t\t\t\t\t<div class=\"elementor-container elementor-column-gap-default\">\n\t\t\t\t\t<div class=\"elementor-column elementor-col-100 elementor-top-column elementor-element elementor-element-b95ccb8\" data-id=\"b95ccb8\" data-element_type=\"column\">\n\t\t\t<div class=\"elementor-widget-wrap elementor-element-populated\">\n\t\t\t\t\t\t\t\t<div class=\"elementor-element elementor-element-36f25af elementor-widget elementor-widget-heading\" data-id=\"36f25af\" data-element_type=\"widget\" data-widget_type=\"heading.default\">\n\t\t\t\t<div class=\"elementor-widget-container\">\n\t\t\t<style>\/*! elementor - v3.6.5 - 27-04-2022 *\/\n.elementor-heading-title{padding:0;margin:0;line-height:1}.elementor-widget-heading .elementor-heading-title[class*=elementor-size-]>a{color:inherit;font-size:inherit;line-height:inherit}.elementor-widget-heading .elementor-heading-title.elementor-size-small{font-size:15px}.elementor-widget-heading .elementor-heading-title.elementor-size-medium{font-size:19px}.elementor-widget-heading .elementor-heading-title.elementor-size-large{font-size:29px}.elementor-widget-heading .elementor-heading-title.elementor-size-xl{font-size:39px}.elementor-widget-heading .elementor-heading-title.elementor-size-xxl{font-size:59px}<\/style><h4 class=\"elementor-heading-title elementor-size-default\">NIVEL PRIMARIO<\/h4>\t\t<\/div>\n\t\t\t\t<\/div>\n\t\t\t\t\t<\/div>\n\t\t<\/div>\n\t\t\t\t\t\t\t<\/div>\n\t\t<\/section>\n\t\t\t\t<section class=\"elementor-section elementor-top-section elementor-element elementor-element-11c546e elementor-section-boxed elementor-section-height-default elementor-section-height-default\" data-id=\"11c546e\" data-element_type=\"section\">\n\t\t\t\t\t\t\t<div class=\"elementor-background-overlay\"><\/div>\n\t\t\t\t\t\t\t<div class=\"elementor-container elementor-column-gap-default\">\n\t\t\t\t\t<div class=\"elementor-column elementor-col-50 elementor-top-column elementor-element elementor-element-0a96e98\" data-id=\"0a96e98\" data-element_type=\"column\">\n\t\t\t<div class=\"elementor-widget-wrap elementor-element-populated\">\n\t\t\t\t\t\t\t\t<div class=\"elementor-element elementor-element-54a3949 elementor-widget elementor-widget-image\" data-id=\"54a3949\" data-element_type=\"widget\" data-widget_type=\"image.default\">\n\t\t\t\t<div class=\"elementor-widget-container\">\n\t\t\t<style>\/*! elementor - v3.6.5 - 27-04-2022 *\/\n.elementor-widget-image{text-align:center}.elementor-widget-image a{display:inline-block}.elementor-widget-image a img[src$=\".svg\"]{width:48px}.elementor-widget-image img{vertical-align:middle;display:inline-block}<\/style>\t\t\t\t\t\t\t\t\t\t\t\t<img decoding=\"async\" src=\"https:\/\/rovynapp.com\/colegioeccleston.rovynapp.com\/wp-content\/uploads\/elementor\/thumbs\/NIVEL-PRIMARIO-scaled-pghoeo85nkuepwc16ts3m4q0qaczt3t5w55kjfnr6g.jpg\" title=\"NIVEL PRIMARIO\" alt=\"NIVEL PRIMARIO\" \/>\t\t\t\t\t\t\t\t\t\t\t\t\t\t\t<\/div>\n\t\t\t\t<\/div>\n\t\t\t\t\t<\/div>\n\t\t<\/div>\n\t\t\t\t<div class=\"elementor-column elementor-col-50 elementor-top-column elementor-element elementor-element-6ac3146\" data-id=\"6ac3146\" data-element_type=\"column\">\n\t\t\t<div class=\"elementor-widget-wrap elementor-element-populated\">\n\t\t\t\t\t\t\t\t<div class=\"elementor-element elementor-element-ea46410 elementor-widget elementor-widget-text-editor\" data-id=\"ea46410\" data-element_type=\"widget\" data-widget_type=\"text-editor.default\">\n\t\t\t\t<div class=\"elementor-widget-container\">\n\t\t\t<style>\/*! elementor - v3.6.5 - 27-04-2022 *\/\n.elementor-widget-text-editor.elementor-drop-cap-view-stacked .elementor-drop-cap{background-color:#818a91;color:#fff}.elementor-widget-text-editor.elementor-drop-cap-view-framed .elementor-drop-cap{color:#818a91;border:3px solid;background-color:transparent}.elementor-widget-text-editor:not(.elementor-drop-cap-view-default) .elementor-drop-cap{margin-top:8px}.elementor-widget-text-editor:not(.elementor-drop-cap-view-default) .elementor-drop-cap-letter{width:1em;height:1em}.elementor-widget-text-editor .elementor-drop-cap{float:left;text-align:center;line-height:1;font-size:50px}.elementor-widget-text-editor .elementor-drop-cap-letter{display:inline-block}<\/style>\t\t\t\t<p>Somos una instituci\u00f3n que marca vanguardia e innovaci\u00f3n en estrategias de ense\u00f1anza. Cada uno de nuestros niveles (Inicial, Primario, Secundario, Superior) posee una propuesta educativa construida a trav\u00e9s de la constante supervisi\u00f3n y actualizaci\u00f3n para responder y hacer frente a una realidad en permanente cambio.<span style=\"font-style: inherit; font-weight: inherit; background-color: rgba(255, 255, 255, 0);\"><br \/><\/span><\/p><p><span style=\"font-style: inherit; font-weight: inherit; background-color: rgba(255, 255, 255, 0);\">Queremos, al igual que sus familias, que nuestros alumnos desplieguen capacidades que les permitan enfrentarse a diversas problem\u00e1ticas. En el nivel primario en sus extensos seis a\u00f1os de duraci\u00f3n y en compa\u00f1\u00eda de nuestra cultura y valores educativos (Calidad de Ense\u00f1anza, Contenci\u00f3n y Disciplina) queremos nutrir y sentar cimientos s\u00f3lidos en nuestros alumnos.<\/span><\/p><p><span style=\"font-style: inherit; font-weight: inherit; background-color: rgba(255, 255, 255, 0);\">En el Nivel Primario (1\u00ba\/2\u00ba\/3\u00ba\/4\u00ba\/5\u00ba\/6\u00ba grado) sabemos que somos el pilar de este proceso de aprendizajes, que ocupa gran parte de las vidas de sus hijos; y tomamos un fuerte compromiso cada d\u00eda para cumplir con los siguientes nuestros objetivos.<\/span><\/p>\t\t\t\t\t\t<\/div>\n\t\t\t\t<\/div>\n\t\t\t\t\t<\/div>\n\t\t<\/div>\n\t\t\t\t\t\t\t<\/div>\n\t\t<\/section>\n\t\t\t\t<section class=\"elementor-section elementor-top-section elementor-element elementor-element-7b7bc2a elementor-section-boxed elementor-section-height-default elementor-section-height-default\" data-id=\"7b7bc2a\" data-element_type=\"section\">\n\t\t\t\t\t\t\t<div class=\"elementor-background-overlay\"><\/div>\n\t\t\t\t\t\t\t<div class=\"elementor-container elementor-column-gap-default\">\n\t\t\t\t\t<div class=\"elementor-column elementor-col-100 elementor-top-column elementor-element elementor-element-6389d0a\" data-id=\"6389d0a\" data-element_type=\"column\">\n\t\t\t<div class=\"elementor-widget-wrap elementor-element-populated\">\n\t\t\t\t\t\t\t\t<section class=\"elementor-section elementor-inner-section elementor-element elementor-element-6609eaf elementor-section-boxed elementor-section-height-default elementor-section-height-default\" data-id=\"6609eaf\" data-element_type=\"section\">\n\t\t\t\t\t\t<div class=\"elementor-container elementor-column-gap-wider\">\n\t\t\t\t\t<div class=\"elementor-column elementor-col-33 elementor-inner-column elementor-element elementor-element-f08a0de\" data-id=\"f08a0de\" data-element_type=\"column\">\n\t\t\t<div class=\"elementor-widget-wrap elementor-element-populated\">\n\t\t\t\t\t\t\t\t<div class=\"elementor-element elementor-element-c916324 elementor-widget elementor-widget-image\" data-id=\"c916324\" data-element_type=\"widget\" data-widget_type=\"image.default\">\n\t\t\t\t<div class=\"elementor-widget-container\">\n\t\t\t\t\t\t\t\t\t\t\t\t\t\t\t<img loading=\"lazy\" decoding=\"async\" width=\"463\" height=\"330\" src=\"https:\/\/rovynapp.com\/colegioeccleston.rovynapp.com\/wp-content\/uploads\/2021\/12\/Group-82.png\" class=\"attachment-large size-large\" alt=\"\" srcset=\"https:\/\/rovynapp.com\/colegioeccleston.rovynapp.com\/wp-content\/uploads\/2021\/12\/Group-82.png 463w, https:\/\/rovynapp.com\/colegioeccleston.rovynapp.com\/wp-content\/uploads\/2021\/12\/Group-82-300x214.png 300w\" sizes=\"auto, (max-width: 463px) 100vw, 463px\" \/>\t\t\t\t\t\t\t\t\t\t\t\t\t\t\t<\/div>\n\t\t\t\t<\/div>\n\t\t\t\t\t<\/div>\n\t\t<\/div>\n\t\t\t\t<div class=\"elementor-column elementor-col-33 elementor-inner-column elementor-element elementor-element-f00e278\" data-id=\"f00e278\" data-element_type=\"column\">\n\t\t\t<div class=\"elementor-widget-wrap elementor-element-populated\">\n\t\t\t\t\t\t\t\t<div class=\"elementor-element elementor-element-741e582 elementor-widget elementor-widget-image\" data-id=\"741e582\" data-element_type=\"widget\" data-widget_type=\"image.default\">\n\t\t\t\t<div class=\"elementor-widget-container\">\n\t\t\t\t\t\t\t\t\t\t\t\t\t\t\t<img loading=\"lazy\" decoding=\"async\" width=\"463\" height=\"477\" src=\"https:\/\/rovynapp.com\/colegioeccleston.rovynapp.com\/wp-content\/uploads\/2021\/12\/Group-83.png\" class=\"attachment-large size-large\" alt=\"\" srcset=\"https:\/\/rovynapp.com\/colegioeccleston.rovynapp.com\/wp-content\/uploads\/2021\/12\/Group-83.png 463w, https:\/\/rovynapp.com\/colegioeccleston.rovynapp.com\/wp-content\/uploads\/2021\/12\/Group-83-291x300.png 291w\" sizes=\"auto, (max-width: 463px) 100vw, 463px\" \/>\t\t\t\t\t\t\t\t\t\t\t\t\t\t\t<\/div>\n\t\t\t\t<\/div>\n\t\t\t\t\t<\/div>\n\t\t<\/div>\n\t\t\t\t<div class=\"elementor-column elementor-col-33 elementor-inner-column elementor-element elementor-element-697b6fb\" data-id=\"697b6fb\" data-element_type=\"column\">\n\t\t\t<div class=\"elementor-widget-wrap elementor-element-populated\">\n\t\t\t\t\t\t\t\t<div class=\"elementor-element elementor-element-622578a elementor-widget elementor-widget-image\" data-id=\"622578a\" data-element_type=\"widget\" data-widget_type=\"image.default\">\n\t\t\t\t<div class=\"elementor-widget-container\">\n\t\t\t\t\t\t\t\t\t\t\t\t\t\t\t<img loading=\"lazy\" decoding=\"async\" width=\"463\" height=\"329\" src=\"https:\/\/rovynapp.com\/colegioeccleston.rovynapp.com\/wp-content\/uploads\/2021\/12\/Group-81.png\" class=\"attachment-large size-large\" alt=\"\" srcset=\"https:\/\/rovynapp.com\/colegioeccleston.rovynapp.com\/wp-content\/uploads\/2021\/12\/Group-81.png 463w, https:\/\/rovynapp.com\/colegioeccleston.rovynapp.com\/wp-content\/uploads\/2021\/12\/Group-81-300x213.png 300w\" sizes=\"auto, (max-width: 463px) 100vw, 463px\" \/>\t\t\t\t\t\t\t\t\t\t\t\t\t\t\t<\/div>\n\t\t\t\t<\/div>\n\t\t\t\t\t<\/div>\n\t\t<\/div>\n\t\t\t\t\t\t\t<\/div>\n\t\t<\/section>\n\t\t\t\t\t<\/div>\n\t\t<\/div>\n\t\t\t\t\t\t\t<\/div>\n\t\t<\/section>\n\t\t\t\t<section class=\"elementor-section elementor-top-section elementor-element elementor-element-16f3f8f elementor-section-boxed elementor-section-height-default elementor-section-height-default\" data-id=\"16f3f8f\" data-element_type=\"section\">\n\t\t\t\t\t\t\t<div class=\"elementor-background-overlay\"><\/div>\n\t\t\t\t\t\t\t<div class=\"elementor-container elementor-column-gap-default\">\n\t\t\t\t\t<div class=\"elementor-column elementor-col-100 elementor-top-column elementor-element elementor-element-ea848ed\" data-id=\"ea848ed\" data-element_type=\"column\">\n\t\t\t<div class=\"elementor-widget-wrap elementor-element-populated\">\n\t\t\t\t\t\t\t\t<div class=\"elementor-element elementor-element-a79a9eb elementor-align-center elementor-widget elementor-widget-button\" data-id=\"a79a9eb\" data-element_type=\"widget\" data-widget_type=\"button.default\">\n\t\t\t\t<div class=\"elementor-widget-container\">\n\t\t\t\t\t<div class=\"elementor-button-wrapper\">\n\t\t\t<a href=\"https:\/\/rovynapp.com\/colegioeccleston.rovynapp.com\/contacto\/\" target=\"_blank\" class=\"elementor-button-link elementor-button elementor-size-xl\" role=\"button\">\n\t\t\t\t\t\t<span class=\"elementor-button-content-wrapper\">\n\t\t\t\t\t\t<span class=\"elementor-button-text\">\u00a1PONETE EN CONTACTO CON NOSOTROS!<\/span>\n\t\t<\/span>\n\t\t\t\t\t<\/a>\n\t\t<\/div>\n\t\t\t\t<\/div>\n\t\t\t\t<\/div>\n\t\t\t\t\t<\/div>\n\t\t<\/div>\n\t\t\t\t\t\t\t<\/div>\n\t\t<\/section>\n\t\t\t\t<section class=\"elementor-section elementor-top-section elementor-element elementor-element-26a9df7 elementor-section-boxed elementor-section-height-default elementor-section-height-default\" data-id=\"26a9df7\" data-element_type=\"section\">\n\t\t\t\t\t\t<div class=\"elementor-container elementor-column-gap-default\">\n\t\t\t\t\t<div class=\"elementor-column elementor-col-100 elementor-top-column elementor-element elementor-element-ff8eb7c\" data-id=\"ff8eb7c\" data-element_type=\"column\">\n\t\t\t<div class=\"elementor-widget-wrap\">\n\t\t\t\t\t\t\t\t\t<\/div>\n\t\t<\/div>\n\t\t\t\t\t\t\t<\/div>\n\t\t<\/section>\n\t\t\t\t\t\t\t<\/div>\n\t\t","protected":false},"excerpt":{"rendered":"<p>NIVEL PRIMARIO Somos una instituci\u00f3n que marca vanguardia e innovaci\u00f3n en estrategias de ense\u00f1anza. Cada uno de nuestros niveles (Inicial, Primario, Secundario, Superior) posee una propuesta educativa construida a trav\u00e9s de la constante supervisi\u00f3n y actualizaci\u00f3n para responder y hacer frente a una realidad en permanente cambio. Queremos, al igual que sus familias, que nuestros &hellip;<\/p>\n<p class=\"read-more\"> <a class=\"\" href=\"https:\/\/rovynapp.com\/colegioeccleston.rovynapp.com\/nivel-inicial\/\"> <span class=\"screen-reader-text\">Nivel Primario<\/span> Read More &raquo;<\/a><\/p>\n","protected":false},"author":1,"featured_media":0,"parent":0,"menu_order":0,"comment_status":"closed","ping_status":"closed","template":"","meta":{"site-sidebar-layout":"no-sidebar","site-content-layout":"page-builder","ast-global-header-display":"","ast-main-header-display":"","ast-hfb-above-header-display":"","ast-hfb-below-header-display":"","ast-hfb-mobile-header-display":"","site-post-title":"disabled","ast-breadcrumbs-content":"","ast-featured-img":"disabled","footer-sml-layout":"","theme-transparent-header-meta":"","adv-header-id-meta":"","stick-header-meta":"","header-above-stick-meta":"","header-main-stick-meta":"","header-below-stick-meta":"","footnotes":""},"class_list":["post-2057","page","type-page","status-publish","hentry"],"_links":{"self":[{"href":"https:\/\/rovynapp.com\/colegioeccleston.rovynapp.com\/wp-json\/wp\/v2\/pages\/2057","targetHints":{"allow":["GET"]}}],"collection":[{"href":"https:\/\/rovynapp.com\/colegioeccleston.rovynapp.com\/wp-json\/wp\/v2\/pages"}],"about":[{"href":"https:\/\/rovynapp.com\/colegioeccleston.rovynapp.com\/wp-json\/wp\/v2\/types\/page"}],"author":[{"embeddable":true,"href":"https:\/\/rovynapp.com\/colegioeccleston.rovynapp.com\/wp-json\/wp\/v2\/users\/1"}],"replies":[{"embeddable":true,"href":"https:\/\/rovynapp.com\/colegioeccleston.rovynapp.com\/wp-json\/wp\/v2\/comments?post=2057"}],"version-history":[{"count":86,"href":"https:\/\/rovynapp.com\/colegioeccleston.rovynapp.com\/wp-json\/wp\/v2\/pages\/2057\/revisions"}],"predecessor-version":[{"id":3090,"href":"https:\/\/rovynapp.com\/colegioeccleston.rovynapp.com\/wp-json\/wp\/v2\/pages\/2057\/revisions\/3090"}],"wp:attachment":[{"href":"https:\/\/rovynapp.com\/colegioeccleston.rovynapp.com\/wp-json\/wp\/v2\/media?parent=2057"}],"curies":[{"name":"wp","href":"https:\/\/api.w.org\/{rel}","templated":true}]}}