{"id":156,"date":"2021-10-24T22:38:17","date_gmt":"2021-10-24T22:38:17","guid":{"rendered":"https:\/\/rovynapp.com\/colegioeccleston.rovynapp.com\/?page_id=156"},"modified":"2022-01-03T14:57:58","modified_gmt":"2022-01-03T14:57:58","slug":"mod-sib","status":"publish","type":"page","link":"https:\/\/rovynapp.com\/colegioeccleston.rovynapp.com\/mod-sib\/","title":{"rendered":"Modelo SIB"},"content":{"rendered":"\t\t<div data-elementor-type=\"wp-page\" data-elementor-id=\"156\" class=\"elementor elementor-156\">\n\t\t\t\t\t\t\t\t\t<section class=\"elementor-section elementor-top-section elementor-element elementor-element-38938f0 elementor-section-boxed elementor-section-height-default elementor-section-height-default\" data-id=\"38938f0\" data-element_type=\"section\">\n\t\t\t\t\t\t\t<div class=\"elementor-background-overlay\"><\/div>\n\t\t\t\t\t\t\t<div class=\"elementor-container elementor-column-gap-default\">\n\t\t\t\t\t<div class=\"elementor-column elementor-col-100 elementor-top-column elementor-element elementor-element-8043ad4\" data-id=\"8043ad4\" data-element_type=\"column\">\n\t\t\t<div class=\"elementor-widget-wrap elementor-element-populated\">\n\t\t\t\t\t\t\t\t<div class=\"elementor-element elementor-element-cb53a0e elementor-widget elementor-widget-image\" data-id=\"cb53a0e\" data-element_type=\"widget\" data-widget_type=\"image.default\">\n\t\t\t\t<div class=\"elementor-widget-container\">\n\t\t\t<style>\/*! elementor - v3.6.5 - 27-04-2022 *\/\n.elementor-widget-image{text-align:center}.elementor-widget-image a{display:inline-block}.elementor-widget-image a img[src$=\".svg\"]{width:48px}.elementor-widget-image img{vertical-align:middle;display:inline-block}<\/style>\t\t\t\t\t\t\t\t\t\t\t\t<img loading=\"lazy\" decoding=\"async\" width=\"554\" height=\"96\" src=\"https:\/\/rovynapp.com\/colegioeccleston.rovynapp.com\/wp-content\/uploads\/2021\/12\/Group-60.png\" class=\"attachment-large size-large\" alt=\"\" srcset=\"https:\/\/rovynapp.com\/colegioeccleston.rovynapp.com\/wp-content\/uploads\/2021\/12\/Group-60.png 554w, https:\/\/rovynapp.com\/colegioeccleston.rovynapp.com\/wp-content\/uploads\/2021\/12\/Group-60-300x52.png 300w\" sizes=\"auto, (max-width: 554px) 100vw, 554px\" \/>\t\t\t\t\t\t\t\t\t\t\t\t\t\t\t<\/div>\n\t\t\t\t<\/div>\n\t\t\t\t<div class=\"elementor-element elementor-element-3efb96e elementor-widget elementor-widget-text-editor\" data-id=\"3efb96e\" data-element_type=\"widget\" data-widget_type=\"text-editor.default\">\n\t\t\t\t<div class=\"elementor-widget-container\">\n\t\t\t<style>\/*! elementor - v3.6.5 - 27-04-2022 *\/\n.elementor-widget-text-editor.elementor-drop-cap-view-stacked .elementor-drop-cap{background-color:#818a91;color:#fff}.elementor-widget-text-editor.elementor-drop-cap-view-framed .elementor-drop-cap{color:#818a91;border:3px solid;background-color:transparent}.elementor-widget-text-editor:not(.elementor-drop-cap-view-default) .elementor-drop-cap{margin-top:8px}.elementor-widget-text-editor:not(.elementor-drop-cap-view-default) .elementor-drop-cap-letter{width:1em;height:1em}.elementor-widget-text-editor .elementor-drop-cap{float:left;text-align:center;line-height:1;font-size:50px}.elementor-widget-text-editor .elementor-drop-cap-letter{display:inline-block}<\/style>\t\t\t\t<p>-EL INICIO DEL APRENDIZAJE-<\/p>\t\t\t\t\t\t<\/div>\n\t\t\t\t<\/div>\n\t\t\t\t\t<\/div>\n\t\t<\/div>\n\t\t\t\t\t\t\t<\/div>\n\t\t<\/section>\n\t\t\t\t<section class=\"elementor-section elementor-top-section elementor-element elementor-element-f538ac9 elementor-section-boxed elementor-section-height-default elementor-section-height-default\" data-id=\"f538ac9\" data-element_type=\"section\">\n\t\t\t\t\t\t\t<div class=\"elementor-background-overlay\"><\/div>\n\t\t\t\t\t\t\t<div class=\"elementor-container elementor-column-gap-default\">\n\t\t\t\t\t<div class=\"elementor-column elementor-col-100 elementor-top-column elementor-element elementor-element-4117486\" data-id=\"4117486\" data-element_type=\"column\">\n\t\t\t<div class=\"elementor-widget-wrap elementor-element-populated\">\n\t\t\t\t\t\t\t\t<div class=\"elementor-element elementor-element-4edbd3b elementor-invisible elementor-widget elementor-widget-text-editor\" data-id=\"4edbd3b\" data-element_type=\"widget\" data-settings=\"{&quot;_animation&quot;:&quot;fadeInUp&quot;}\" data-widget_type=\"text-editor.default\">\n\t\t\t\t<div class=\"elementor-widget-container\">\n\t\t\t\t\t\t\t<div class=\"wpb_text_column \" style=\"color: #ffffff; font-family: Montserrat;\"><div class=\"wpb_wrapper\" style=\"min-height: 1px;\"><h2 style=\"line-height: 1.4; margin-bottom: 1.5rem; font-weight: 900; font-size: 25px; letter-spacing: 0px; color: #333333; text-align: center;\"><span style=\"color: #c2272d; font-style: inherit; letter-spacing: 0px;\">\u00bfQU\u00c9 ES?<\/span><\/h2><\/div><\/div>\t\t\t\t\t\t<\/div>\n\t\t\t\t<\/div>\n\t\t\t\t\t<\/div>\n\t\t<\/div>\n\t\t\t\t\t\t\t<\/div>\n\t\t<\/section>\n\t\t\t\t<section class=\"elementor-section elementor-top-section elementor-element elementor-element-aedd832 elementor-section-boxed elementor-section-height-default elementor-section-height-default\" data-id=\"aedd832\" data-element_type=\"section\">\n\t\t\t\t\t\t\t<div class=\"elementor-background-overlay\"><\/div>\n\t\t\t\t\t\t\t<div class=\"elementor-container elementor-column-gap-default\">\n\t\t\t\t\t<div class=\"elementor-column elementor-col-100 elementor-top-column elementor-element elementor-element-ea01e55\" data-id=\"ea01e55\" data-element_type=\"column\">\n\t\t\t<div class=\"elementor-widget-wrap elementor-element-populated\">\n\t\t\t\t\t\t\t\t<div class=\"elementor-element elementor-element-3c1478f elementor-invisible elementor-widget elementor-widget-text-editor\" data-id=\"3c1478f\" data-element_type=\"widget\" data-settings=\"{&quot;_animation&quot;:&quot;fadeInUp&quot;}\" data-widget_type=\"text-editor.default\">\n\t\t\t\t<div class=\"elementor-widget-container\">\n\t\t\t\t\t\t\t<p>El modelo<b>\u00a0<\/b><span style=\"font-family: Poppins, sans-serif; font-size: 20px; font-weight: bold; text-align: center; color: #d9ad27;\">S<\/span><span style=\"font-family: Poppins, sans-serif; font-size: 20px; font-weight: bold; text-align: center; color: #de6e2b;\">I<\/span><span style=\"font-family: Poppins, sans-serif; font-size: 20px; font-weight: bold; text-align: center; color: #399c9b;\">B<\/span>, Saber \u2013 Innovaci\u00f3n \u2013 Bienestar es un modelo pedag\u00f3gico innovador, orientado a la ense\u00f1anza del pensamiento que procura favorecer las habilidades y el desarrollo de la creatividad en una propuesta integral, enriquecedora de la inteligencia, por la sistematizaci\u00f3n de su ense\u00f1anza.<\/p>\t\t\t\t\t\t<\/div>\n\t\t\t\t<\/div>\n\t\t\t\t\t<\/div>\n\t\t<\/div>\n\t\t\t\t\t\t\t<\/div>\n\t\t<\/section>\n\t\t\t\t<section class=\"elementor-section elementor-top-section elementor-element elementor-element-e87ac09 elementor-section-boxed elementor-section-height-default elementor-section-height-default\" data-id=\"e87ac09\" data-element_type=\"section\" data-settings=\"{&quot;background_background&quot;:&quot;slideshow&quot;,&quot;background_slideshow_gallery&quot;:[],&quot;background_slideshow_loop&quot;:&quot;yes&quot;,&quot;background_slideshow_slide_duration&quot;:5000,&quot;background_slideshow_slide_transition&quot;:&quot;fade&quot;,&quot;background_slideshow_transition_duration&quot;:500}\">\n\t\t\t\t\t\t\t<div class=\"elementor-background-overlay\"><\/div>\n\t\t\t\t\t\t\t<div class=\"elementor-container elementor-column-gap-default\">\n\t\t\t\t\t<div class=\"elementor-column elementor-col-100 elementor-top-column elementor-element elementor-element-3c06b26\" data-id=\"3c06b26\" data-element_type=\"column\">\n\t\t\t<div class=\"elementor-widget-wrap elementor-element-populated\">\n\t\t\t\t\t\t\t\t<div class=\"elementor-element elementor-element-84ae643 elementor-invisible elementor-widget elementor-widget-text-editor\" data-id=\"84ae643\" data-element_type=\"widget\" data-settings=\"{&quot;_animation&quot;:&quot;fadeInUp&quot;}\" data-widget_type=\"text-editor.default\">\n\t\t\t\t<div class=\"elementor-widget-container\">\n\t\t\t\t\t\t\t<div style=\"color: #3400c5; font-family: Montserrat;\">\n<div style=\"min-height: 1px;\">\n<h2 style=\"font-size: 25px; font-style: normal; font-weight: 900; margin-bottom: 1.5rem; color: #3400c5; line-height: 1.4; text-align: center\"><span style=\"color: #c2272d;\">\u00bfC\u00d3MO SURGE EL MODELO?<\/span><\/h2>\n<div style=\"color: #3400c5; font-family: Montserrat, sans-serif; font-size: 20px;\">\n<p>El modelo SIB<b> <\/b>surje bajo una convicci\u00f3n \u00fanica de que hacemos futuro en el presente; valorando la capacitaci\u00f3n permanente de todo el equipo docente y directivo, como rasgo de distinci\u00f3n. Un camino de capacitaci\u00f3n sistem\u00e1tica que sustenta la actualizaci\u00f3n permanente. <\/p>\n<p>Este modelo pedag\u00f3gico resulta de una aplicaci\u00f3n de progresiva innovaci\u00f3n<br>\nen los COLEGIOS ECCLESTON de Temperley y Lan\u00fas, con diferentes iniciativas desde el a\u00f1o 1999.<br>\nDesde entonces es que comenz\u00f3 a tomar la forma definitiva lo que hoy denominamos \u201cModelo&nbsp;<span style=\"font-size: 20px; font-family: Poppins, sans-serif; font-weight: bold; color: #d9ad27;\">S<\/span><span style=\"font-size: 20px; font-family: Poppins, sans-serif; font-weight: bold; color: #de6e2b;\">I<\/span><span style=\"font-size: 20px; font-family: Poppins, sans-serif; font-weight: bold; color: #399c9b;\">B<\/span>\u201d.<\/p>\n<\/div>\n<\/div>\n<\/div>\t\t\t\t\t\t<\/div>\n\t\t\t\t<\/div>\n\t\t\t\t<div class=\"elementor-element elementor-element-05d48d2 animated-slow elementor-invisible elementor-widget elementor-widget-image\" data-id=\"05d48d2\" data-element_type=\"widget\" data-settings=\"{&quot;_animation&quot;:&quot;fadeIn&quot;,&quot;_animation_delay&quot;:200}\" data-widget_type=\"image.default\">\n\t\t\t\t<div class=\"elementor-widget-container\">\n\t\t\t\t\t\t\t\t\t\t\t\t\t\t\t\t<a href=\"http:\/\/modelosib.com.ar\/\" target=\"_blank\">\n\t\t\t\t\t\t\t<img decoding=\"async\" src=\"https:\/\/rovynapp.com\/colegioeccleston.rovynapp.com\/wp-content\/uploads\/elementor\/thumbs\/SIB_red-pfg0om9lg1awhxz5hlfi7lss3vck9sv0mamlov9gjg.png\" title=\"SIB_red\" alt=\"SIB_red\" class=\"elementor-animation-wobble-vertical\" \/>\t\t\t\t\t\t\t\t<\/a>\n\t\t\t\t\t\t\t\t\t\t\t\t\t\t\t<\/div>\n\t\t\t\t<\/div>\n\t\t\t\t\t<\/div>\n\t\t<\/div>\n\t\t\t\t\t\t\t<\/div>\n\t\t<\/section>\n\t\t\t\t<section class=\"elementor-section elementor-top-section elementor-element elementor-element-5766c78 elementor-section-boxed elementor-section-height-default elementor-section-height-default\" data-id=\"5766c78\" data-element_type=\"section\" data-settings=\"{&quot;animation&quot;:&quot;none&quot;}\">\n\t\t\t\t\t\t\t<div class=\"elementor-background-overlay\"><\/div>\n\t\t\t\t\t\t\t<div class=\"elementor-container elementor-column-gap-default\">\n\t\t\t\t\t<div class=\"elementor-column elementor-col-100 elementor-top-column elementor-element elementor-element-93174a2\" data-id=\"93174a2\" data-element_type=\"column\">\n\t\t\t<div class=\"elementor-widget-wrap elementor-element-populated\">\n\t\t\t\t\t\t\t\t<div class=\"elementor-element elementor-element-e325ac4 elementor-invisible elementor-widget elementor-widget-text-editor\" data-id=\"e325ac4\" data-element_type=\"widget\" data-settings=\"{&quot;_animation&quot;:&quot;fadeInUp&quot;}\" data-widget_type=\"text-editor.default\">\n\t\t\t\t<div class=\"elementor-widget-container\">\n\t\t\t\t\t\t\t<div style=\"text-align: center; color: #ffffff; font-family: Montserrat;\"><div style=\"min-height: 1px;\"><h2 style=\"font-size: 25px; font-weight: 900; margin-bottom: 1.5rem; color: #3400c5; line-height: 1.4; letter-spacing: 0px;\"><span style=\"color: #c2272d;\">\u00bfEN QU\u00c9 SE BASA?<\/span><\/h2><\/div><\/div><div style=\"text-align: center; color: #3400c5; font-family: Poppins, sans-serif; padding-right: 10px !important; padding-left: 10px !important;\"><div style=\"min-height: 1px;\"><p style=\"font-size: 18px; margin-bottom: 1.5rem;\">El modelo pedag\u00f3gico de los\u00a0<span style=\"font-weight: bold;\">COLEGIOS ECCLESTON<\/span>, \u201c<b>Modelo\u00a0<\/b><span style=\"font-weight: bold;\"><span style=\"color: #d9ad27;\">S<\/span><span style=\"color: #de6e2b;\">I<\/span><span style=\"color: #399c9b;\">B<\/span><\/span>\u201d tiene tres grandes pilares:<\/p><\/div><\/div>\t\t\t\t\t\t<\/div>\n\t\t\t\t<\/div>\n\t\t\t\t\t<\/div>\n\t\t<\/div>\n\t\t\t\t\t\t\t<\/div>\n\t\t<\/section>\n\t\t\t\t<section class=\"elementor-section elementor-top-section elementor-element elementor-element-1743507 elementor-section-boxed elementor-section-height-default elementor-section-height-default\" data-id=\"1743507\" data-element_type=\"section\">\n\t\t\t\t\t\t\t<div class=\"elementor-background-overlay\"><\/div>\n\t\t\t\t\t\t\t<div class=\"elementor-container elementor-column-gap-default\">\n\t\t\t\t\t<div class=\"elementor-column elementor-col-33 elementor-top-column elementor-element elementor-element-0c9eb71\" data-id=\"0c9eb71\" data-element_type=\"column\">\n\t\t\t<div class=\"elementor-widget-wrap elementor-element-populated\">\n\t\t\t\t\t\t\t\t<div class=\"elementor-element elementor-element-df4a27c elementor-invisible elementor-widget elementor-widget-image\" data-id=\"df4a27c\" data-element_type=\"widget\" data-settings=\"{&quot;_animation&quot;:&quot;fadeInLeft&quot;}\" data-widget_type=\"image.default\">\n\t\t\t\t<div class=\"elementor-widget-container\">\n\t\t\t\t\t\t\t\t\t\t\t\t\t\t\t<img loading=\"lazy\" decoding=\"async\" width=\"150\" height=\"150\" src=\"https:\/\/rovynapp.com\/colegioeccleston.rovynapp.com\/wp-content\/uploads\/2021\/11\/saber_icono-150x150-1.png\" class=\"attachment-large size-large\" alt=\"\" \/>\t\t\t\t\t\t\t\t\t\t\t\t\t\t\t<\/div>\n\t\t\t\t<\/div>\n\t\t\t\t\t<\/div>\n\t\t<\/div>\n\t\t\t\t<div class=\"elementor-column elementor-col-33 elementor-top-column elementor-element elementor-element-ef8c51e\" data-id=\"ef8c51e\" data-element_type=\"column\">\n\t\t\t<div class=\"elementor-widget-wrap elementor-element-populated\">\n\t\t\t\t\t\t\t\t<div class=\"elementor-element elementor-element-3754b6f animated-slow elementor-invisible elementor-widget elementor-widget-image\" data-id=\"3754b6f\" data-element_type=\"widget\" data-settings=\"{&quot;_animation&quot;:&quot;fadeIn&quot;}\" data-widget_type=\"image.default\">\n\t\t\t\t<div class=\"elementor-widget-container\">\n\t\t\t\t\t\t\t\t\t\t\t\t\t\t\t<img loading=\"lazy\" decoding=\"async\" width=\"150\" height=\"150\" src=\"https:\/\/rovynapp.com\/colegioeccleston.rovynapp.com\/wp-content\/uploads\/2021\/11\/innovacion_icono-150x150-1.png\" class=\"attachment-large size-large\" alt=\"\" \/>\t\t\t\t\t\t\t\t\t\t\t\t\t\t\t<\/div>\n\t\t\t\t<\/div>\n\t\t\t\t\t<\/div>\n\t\t<\/div>\n\t\t\t\t<div class=\"elementor-column elementor-col-33 elementor-top-column elementor-element elementor-element-d0c0d46\" data-id=\"d0c0d46\" data-element_type=\"column\">\n\t\t\t<div class=\"elementor-widget-wrap elementor-element-populated\">\n\t\t\t\t\t\t\t\t<div class=\"elementor-element elementor-element-7b97f00 elementor-invisible elementor-widget elementor-widget-image\" data-id=\"7b97f00\" data-element_type=\"widget\" data-settings=\"{&quot;_animation&quot;:&quot;fadeInRight&quot;}\" data-widget_type=\"image.default\">\n\t\t\t\t<div class=\"elementor-widget-container\">\n\t\t\t\t\t\t\t\t\t\t\t\t\t\t\t<img loading=\"lazy\" decoding=\"async\" width=\"150\" height=\"150\" src=\"https:\/\/rovynapp.com\/colegioeccleston.rovynapp.com\/wp-content\/uploads\/2021\/11\/bienestar_icono-150x150-1.png\" class=\"attachment-large size-large\" alt=\"\" \/>\t\t\t\t\t\t\t\t\t\t\t\t\t\t\t<\/div>\n\t\t\t\t<\/div>\n\t\t\t\t\t<\/div>\n\t\t<\/div>\n\t\t\t\t\t\t\t<\/div>\n\t\t<\/section>\n\t\t\t\t<section class=\"elementor-section elementor-top-section elementor-element elementor-element-6ff5fe0 elementor-section-boxed elementor-section-height-default elementor-section-height-default\" data-id=\"6ff5fe0\" data-element_type=\"section\">\n\t\t\t\t\t\t\t<div class=\"elementor-background-overlay\"><\/div>\n\t\t\t\t\t\t\t<div class=\"elementor-container elementor-column-gap-default\">\n\t\t\t\t\t<div class=\"elementor-column elementor-col-33 elementor-top-column elementor-element elementor-element-6ed51d4\" data-id=\"6ed51d4\" data-element_type=\"column\">\n\t\t\t<div class=\"elementor-widget-wrap elementor-element-populated\">\n\t\t\t\t\t\t\t\t<div class=\"elementor-element elementor-element-c68ec15 elementor-widget elementor-widget-text-editor\" data-id=\"c68ec15\" data-element_type=\"widget\" data-widget_type=\"text-editor.default\">\n\t\t\t\t<div class=\"elementor-widget-container\">\n\t\t\t\t\t\t\t<h1><strong style=\"color: #d9ad27; font-family: Montserrat; text-align: center; font-size: 1.5rem;\">Saber<\/strong><\/h1>\n<span style=\"color: #3400c5; font-family: Poppins, sans-serif; text-align: center;\">El curr\u00edculum del nivel a planificar, o del \u00e1rea de conocimiento espec\u00edfica, enmarcado dentro de una Cultura de Pensamiento.<\/span>\t\t\t\t\t\t<\/div>\n\t\t\t\t<\/div>\n\t\t\t\t\t<\/div>\n\t\t<\/div>\n\t\t\t\t<div class=\"elementor-column elementor-col-33 elementor-top-column elementor-element elementor-element-0366420\" data-id=\"0366420\" data-element_type=\"column\">\n\t\t\t<div class=\"elementor-widget-wrap elementor-element-populated\">\n\t\t\t\t\t\t\t\t<div class=\"elementor-element elementor-element-bb8b6c2 elementor-widget elementor-widget-text-editor\" data-id=\"bb8b6c2\" data-element_type=\"widget\" data-widget_type=\"text-editor.default\">\n\t\t\t\t<div class=\"elementor-widget-container\">\n\t\t\t\t\t\t\t<h1><strong style=\"color: #de6e2b; font-family: Montserrat; text-align: center; font-size: 1.5rem;\">Innovaci\u00f3n<\/strong><\/h1>\n<span style=\"color: #3400c5; font-family: Poppins, sans-serif; text-align: center;\">El saber construido por estrategias de ense\u00f1anza y aprendizaje disruptivas; dentro del desarrollo de una clase o actividades diferente, que facilite la comprensi\u00f3n de lo ense\u00f1ado y la adaptaci\u00f3n de esos aprendizajes a diferentes situaciones.<\/span>\t\t\t\t\t\t<\/div>\n\t\t\t\t<\/div>\n\t\t\t\t\t<\/div>\n\t\t<\/div>\n\t\t\t\t<div class=\"elementor-column elementor-col-33 elementor-top-column elementor-element elementor-element-6c46fc0\" data-id=\"6c46fc0\" data-element_type=\"column\">\n\t\t\t<div class=\"elementor-widget-wrap elementor-element-populated\">\n\t\t\t\t\t\t\t\t<div class=\"elementor-element elementor-element-938445d elementor-widget elementor-widget-text-editor\" data-id=\"938445d\" data-element_type=\"widget\" data-widget_type=\"text-editor.default\">\n\t\t\t\t<div class=\"elementor-widget-container\">\n\t\t\t\t\t\t\t<h1><strong style=\"color: #399c9b; font-family: Montserrat; text-align: center; font-size: 1.5rem;\">Bienestar<\/strong><\/h1>\n<span style=\"color: #3400c5; font-family: Poppins, sans-serif; text-align: center;\">El desarrollo de habilidades de Inteligencia Emocional no s\u00f3lo para el desarrollo a futuro sino para aprender m\u00e1s y mejor; ya que en una mente relajada y equilibrada emocionalmente el aprendizaje est\u00e1 garantizado.<\/span>\t\t\t\t\t\t<\/div>\n\t\t\t\t<\/div>\n\t\t\t\t\t<\/div>\n\t\t<\/div>\n\t\t\t\t\t\t\t<\/div>\n\t\t<\/section>\n\t\t\t\t<section class=\"elementor-section elementor-top-section elementor-element elementor-element-667bc7a elementor-section-boxed elementor-section-height-default elementor-section-height-default\" data-id=\"667bc7a\" data-element_type=\"section\">\n\t\t\t\t\t\t<div class=\"elementor-container elementor-column-gap-default\">\n\t\t\t\t\t<div class=\"elementor-column elementor-col-100 elementor-top-column elementor-element elementor-element-d84424d\" data-id=\"d84424d\" data-element_type=\"column\">\n\t\t\t<div class=\"elementor-widget-wrap\">\n\t\t\t\t\t\t\t\t\t<\/div>\n\t\t<\/div>\n\t\t\t\t\t\t\t<\/div>\n\t\t<\/section>\n\t\t\t\t\t\t\t<\/div>\n\t\t","protected":false},"excerpt":{"rendered":"<p>-EL INICIO DEL APRENDIZAJE- \u00bfQU\u00c9 ES? El modelo\u00a0SIB, Saber \u2013 Innovaci\u00f3n \u2013 Bienestar es un modelo pedag\u00f3gico innovador, orientado a la ense\u00f1anza del pensamiento que procura favorecer las habilidades y el desarrollo de la creatividad en una propuesta integral, enriquecedora de la inteligencia, por la sistematizaci\u00f3n de su ense\u00f1anza. \u00bfC\u00d3MO SURGE EL MODELO? El modelo &hellip;<\/p>\n<p class=\"read-more\"> <a class=\"\" href=\"https:\/\/rovynapp.com\/colegioeccleston.rovynapp.com\/mod-sib\/\"> <span class=\"screen-reader-text\">Modelo SIB<\/span> Read More &raquo;<\/a><\/p>\n","protected":false},"author":1,"featured_media":0,"parent":0,"menu_order":0,"comment_status":"closed","ping_status":"closed","template":"","meta":{"site-sidebar-layout":"no-sidebar","site-content-layout":"page-builder","ast-global-header-display":"","ast-main-header-display":"","ast-hfb-above-header-display":"","ast-hfb-below-header-display":"","ast-hfb-mobile-header-display":"","site-post-title":"disabled","ast-breadcrumbs-content":"","ast-featured-img":"disabled","footer-sml-layout":"","theme-transparent-header-meta":"default","adv-header-id-meta":"","stick-header-meta":"","header-above-stick-meta":"","header-main-stick-meta":"","header-below-stick-meta":"","footnotes":""},"class_list":["post-156","page","type-page","status-publish","hentry"],"_links":{"self":[{"href":"https:\/\/rovynapp.com\/colegioeccleston.rovynapp.com\/wp-json\/wp\/v2\/pages\/156","targetHints":{"allow":["GET"]}}],"collection":[{"href":"https:\/\/rovynapp.com\/colegioeccleston.rovynapp.com\/wp-json\/wp\/v2\/pages"}],"about":[{"href":"https:\/\/rovynapp.com\/colegioeccleston.rovynapp.com\/wp-json\/wp\/v2\/types\/page"}],"author":[{"embeddable":true,"href":"https:\/\/rovynapp.com\/colegioeccleston.rovynapp.com\/wp-json\/wp\/v2\/users\/1"}],"replies":[{"embeddable":true,"href":"https:\/\/rovynapp.com\/colegioeccleston.rovynapp.com\/wp-json\/wp\/v2\/comments?post=156"}],"version-history":[{"count":118,"href":"https:\/\/rovynapp.com\/colegioeccleston.rovynapp.com\/wp-json\/wp\/v2\/pages\/156\/revisions"}],"predecessor-version":[{"id":3148,"href":"https:\/\/rovynapp.com\/colegioeccleston.rovynapp.com\/wp-json\/wp\/v2\/pages\/156\/revisions\/3148"}],"wp:attachment":[{"href":"https:\/\/rovynapp.com\/colegioeccleston.rovynapp.com\/wp-json\/wp\/v2\/media?parent=156"}],"curies":[{"name":"wp","href":"https:\/\/api.w.org\/{rel}","templated":true}]}}